{"id":381,"date":"2022-12-19T16:28:37","date_gmt":"2022-12-19T15:28:37","guid":{"rendered":"https:\/\/kzexpertise.fr\/?page_id=381"},"modified":"2023-04-17T16:49:10","modified_gmt":"2023-04-17T14:49:10","slug":"expertise-comptable","status":"publish","type":"page","link":"https:\/\/kzexpertise.fr\/index.php\/expertise-comptable\/","title":{"rendered":"Expertise comptable"},"content":{"rendered":"\t\t<div data-elementor-type=\"wp-page\" data-elementor-id=\"381\" class=\"elementor elementor-381\">\n\t\t\t\t\t\t\t\t\t<section class=\"elementor-section elementor-top-section elementor-element elementor-element-8db934b elementor-section-height-min-height elementor-section-boxed elementor-section-height-default elementor-section-items-middle\" data-id=\"8db934b\" data-element_type=\"section\" data-settings=\"{&quot;background_background&quot;:&quot;classic&quot;}\">\n\t\t\t\t\t\t\t<div class=\"elementor-background-overlay\"><\/div>\n\t\t\t\t\t\t\t<div class=\"elementor-container elementor-column-gap-default\">\n\t\t\t\t\t<div class=\"elementor-column elementor-col-100 elementor-top-column elementor-element elementor-element-7430d4a\" data-id=\"7430d4a\" data-element_type=\"column\">\n\t\t\t<div class=\"elementor-widget-wrap elementor-element-populated\">\n\t\t\t\t\t\t\t\t<div class=\"elementor-element elementor-element-35946d7 elementor-widget elementor-widget-heading\" data-id=\"35946d7\" data-element_type=\"widget\" data-widget_type=\"heading.default\">\n\t\t\t\t<div class=\"elementor-widget-container\">\n\t\t\t<style>\/*! elementor - v3.12.1 - 02-04-2023 *\/\n.elementor-heading-title{padding:0;margin:0;line-height:1}.elementor-widget-heading .elementor-heading-title[class*=elementor-size-]>a{color:inherit;font-size:inherit;line-height:inherit}.elementor-widget-heading .elementor-heading-title.elementor-size-small{font-size:15px}.elementor-widget-heading .elementor-heading-title.elementor-size-medium{font-size:19px}.elementor-widget-heading .elementor-heading-title.elementor-size-large{font-size:29px}.elementor-widget-heading .elementor-heading-title.elementor-size-xl{font-size:39px}.elementor-widget-heading .elementor-heading-title.elementor-size-xxl{font-size:59px}<\/style><h1 class=\"elementor-heading-title elementor-size-default\">Expertise comptable<\/h1>\t\t<\/div>\n\t\t\t\t<\/div>\n\t\t\t\t<section class=\"elementor-section elementor-inner-section elementor-element elementor-element-65028ab elementor-section-boxed elementor-section-height-default elementor-section-height-default\" data-id=\"65028ab\" data-element_type=\"section\">\n\t\t\t\t\t\t<div class=\"elementor-container elementor-column-gap-default\">\n\t\t\t\t\t<div class=\"elementor-column elementor-col-50 elementor-inner-column elementor-element elementor-element-f708d73\" data-id=\"f708d73\" data-element_type=\"column\">\n\t\t\t<div class=\"elementor-widget-wrap elementor-element-populated\">\n\t\t\t\t\t\t\t\t<div class=\"elementor-element elementor-element-0a8eb33 elementor-align-right elementor-mobile-align-left elementor-widget elementor-widget-button\" data-id=\"0a8eb33\" data-element_type=\"widget\" data-widget_type=\"button.default\">\n\t\t\t\t<div class=\"elementor-widget-container\">\n\t\t\t\t\t<div class=\"elementor-button-wrapper\">\n\t\t\t<a href=\"https:\/\/kzexpertise.fr\/index.php\/nos-metiers\/\" class=\"elementor-button-link elementor-button elementor-size-lg\" role=\"button\">\n\t\t\t\t\t\t<span class=\"elementor-button-content-wrapper\">\n\t\t\t\t\t\t<span class=\"elementor-button-text\">Nos m\u00e9tiers<\/span>\n\t\t<\/span>\n\t\t\t\t\t<\/a>\n\t\t<\/div>\n\t\t\t\t<\/div>\n\t\t\t\t<\/div>\n\t\t\t\t\t<\/div>\n\t\t<\/div>\n\t\t\t\t<div class=\"elementor-column elementor-col-50 elementor-inner-column elementor-element elementor-element-3bee7f8\" data-id=\"3bee7f8\" data-element_type=\"column\">\n\t\t\t<div class=\"elementor-widget-wrap elementor-element-populated\">\n\t\t\t\t\t\t\t\t<div class=\"elementor-element elementor-element-c49559e elementor-align-left elementor-widget elementor-widget-button\" data-id=\"c49559e\" data-element_type=\"widget\" data-widget_type=\"button.default\">\n\t\t\t\t<div class=\"elementor-widget-container\">\n\t\t\t\t\t<div class=\"elementor-button-wrapper\">\n\t\t\t<a href=\"https:\/\/kzexpertise.fr\/index.php\/contact\/\" class=\"elementor-button-link elementor-button elementor-size-lg\" role=\"button\">\n\t\t\t\t\t\t<span class=\"elementor-button-content-wrapper\">\n\t\t\t\t\t\t<span class=\"elementor-button-text\">CONTACT<\/span>\n\t\t<\/span>\n\t\t\t\t\t<\/a>\n\t\t<\/div>\n\t\t\t\t<\/div>\n\t\t\t\t<\/div>\n\t\t\t\t\t<\/div>\n\t\t<\/div>\n\t\t\t\t\t\t\t<\/div>\n\t\t<\/section>\n\t\t\t\t\t<\/div>\n\t\t<\/div>\n\t\t\t\t\t\t\t<\/div>\n\t\t<\/section>\n\t\t\t\t<section class=\"elementor-section elementor-top-section elementor-element elementor-element-66a9d75 elementor-section-boxed elementor-section-height-default elementor-section-height-default\" data-id=\"66a9d75\" data-element_type=\"section\">\n\t\t\t\t\t\t<div class=\"elementor-container elementor-column-gap-default\">\n\t\t\t\t\t<div class=\"elementor-column elementor-col-100 elementor-top-column elementor-element elementor-element-85599f2\" data-id=\"85599f2\" data-element_type=\"column\">\n\t\t\t<div class=\"elementor-widget-wrap elementor-element-populated\">\n\t\t\t\t\t\t\t\t<div class=\"elementor-element elementor-element-02e875b elementor-widget elementor-widget-text-editor\" data-id=\"02e875b\" data-element_type=\"widget\" data-widget_type=\"text-editor.default\">\n\t\t\t\t<div class=\"elementor-widget-container\">\n\t\t\t<style>\/*! elementor - v3.12.1 - 02-04-2023 *\/\n.elementor-widget-text-editor.elementor-drop-cap-view-stacked .elementor-drop-cap{background-color:#69727d;color:#fff}.elementor-widget-text-editor.elementor-drop-cap-view-framed .elementor-drop-cap{color:#69727d;border:3px solid;background-color:transparent}.elementor-widget-text-editor:not(.elementor-drop-cap-view-default) .elementor-drop-cap{margin-top:8px}.elementor-widget-text-editor:not(.elementor-drop-cap-view-default) .elementor-drop-cap-letter{width:1em;height:1em}.elementor-widget-text-editor .elementor-drop-cap{float:left;text-align:center;line-height:1;font-size:50px}.elementor-widget-text-editor .elementor-drop-cap-letter{display:inline-block}<\/style>\t\t\t\t<p>Qu&rsquo;est ce que la\u00a0<span style=\"font-weight: bold;\">comptabilit\u00e9<\/span>\u00a0? De quelles mani\u00e8res pouvons-nous r\u00e9pondre \u00e0 vos besoins en comptabilit\u00e9 ? Toutes ces questions que vous vous posez sont r\u00e9unies dans cette\u00a0<span style=\"font-weight: bold;\">plaquette.\u00a0<\/span>Nous vous accompagnons dans votre\u00a0<span style=\"font-weight: bold;\">organisation comptable et financi\u00e8re<\/span>\u00a0et assurons un service de qualit\u00e9.<\/p>\t\t\t\t\t\t<\/div>\n\t\t\t\t<\/div>\n\t\t\t\t<div class=\"elementor-element elementor-element-40be77c elementor-align-center elementor-mobile-align-left elementor-widget elementor-widget-button\" data-id=\"40be77c\" data-element_type=\"widget\" data-widget_type=\"button.default\">\n\t\t\t\t<div class=\"elementor-widget-container\">\n\t\t\t\t\t<div class=\"elementor-button-wrapper\">\n\t\t\t<a href=\"https:\/\/kzexpertise.fr\/wp-content\/uploads\/2022\/12\/Plaquette-KZ_Comptabilite.pdf\" target=\"_blank\" class=\"elementor-button-link elementor-button elementor-size-sm\" role=\"button\">\n\t\t\t\t\t\t<span class=\"elementor-button-content-wrapper\">\n\t\t\t\t\t\t<span class=\"elementor-button-text\">D\u00e9couvrir la plaquette<\/span>\n\t\t<\/span>\n\t\t\t\t\t<\/a>\n\t\t<\/div>\n\t\t\t\t<\/div>\n\t\t\t\t<\/div>\n\t\t\t\t\t<\/div>\n\t\t<\/div>\n\t\t\t\t\t\t\t<\/div>\n\t\t<\/section>\n\t\t\t\t\t\t\t<\/div>\n\t\t","protected":false},"excerpt":{"rendered":"<p>Expertise comptable Nos m\u00e9tiers CONTACT Qu&rsquo;est ce que la&nbsp;comptabilit\u00e9&nbsp;? De quelles mani\u00e8res pouvons-nous r\u00e9pondre \u00e0 vos besoins en comptabilit\u00e9 ? Toutes ces questions que vous vous posez sont r\u00e9unies dans cette&nbsp;plaquette.&nbsp;Nous vous accompagnons dans votre&nbsp;organisation comptable et financi\u00e8re&nbsp;et assurons un service de qualit\u00e9. D\u00e9couvrir la plaquette<\/p>\n","protected":false},"author":1,"featured_media":0,"parent":0,"menu_order":0,"comment_status":"closed","ping_status":"closed","template":"","meta":{"site-sidebar-layout":"no-sidebar","site-content-layout":"page-builder","ast-global-header-display":"","ast-main-header-display":"","ast-hfb-above-header-display":"","ast-hfb-below-header-display":"","ast-hfb-mobile-header-display":"","site-post-title":"disabled","ast-breadcrumbs-content":"","ast-featured-img":"disabled","footer-sml-layout":"","theme-transparent-header-meta":"","adv-header-id-meta":"","stick-header-meta":"","header-above-stick-meta":"","header-main-stick-meta":"","header-below-stick-meta":"","footnotes":""},"class_list":["post-381","page","type-page","status-publish","hentry"],"yoast_head":"<!-- This site is optimized with the Yoast SEO plugin v20.5 - https:\/\/yoast.com\/wordpress\/plugins\/seo\/ -->\n<title>Expertise comptable - KZ Expertise<\/title>\n<meta name=\"description\" content=\"Qu\u2019est ce que la comptabilit\u00e9 ? Nous vous accompagnons dans votre organisation comptable et financi\u00e8re et assurons un service de qualit\u00e9.\" \/>\n<meta name=\"robots\" content=\"index, follow, max-snippet:-1, max-image-preview:large, max-video-preview:-1\" \/>\n<link rel=\"canonical\" href=\"https:\/\/kzexpertise.fr\/index.php\/expertise-comptable\/\" \/>\n<meta property=\"og:locale\" content=\"fr_FR\" \/>\n<meta property=\"og:type\" content=\"article\" \/>\n<meta property=\"og:title\" content=\"Expertise comptable - KZ Expertise\" \/>\n<meta property=\"og:description\" content=\"Qu\u2019est ce que la comptabilit\u00e9 ? Nous vous accompagnons dans votre organisation comptable et financi\u00e8re et assurons un service de qualit\u00e9.\" \/>\n<meta property=\"og:url\" content=\"https:\/\/kzexpertise.fr\/index.php\/expertise-comptable\/\" \/>\n<meta property=\"og:site_name\" content=\"KZ Expertise\" \/>\n<meta property=\"article:modified_time\" content=\"2023-04-17T14:49:10+00:00\" \/>\n<meta name=\"twitter:card\" content=\"summary_large_image\" \/>\n<meta name=\"twitter:label1\" content=\"Dur\u00e9e de lecture estim\u00e9e\" \/>\n\t<meta name=\"twitter:data1\" content=\"1 minute\" \/>\n<script type=\"application\/ld+json\" class=\"yoast-schema-graph\">{\"@context\":\"https:\/\/schema.org\",\"@graph\":[{\"@type\":\"WebPage\",\"@id\":\"https:\/\/kzexpertise.fr\/index.php\/expertise-comptable\/\",\"url\":\"https:\/\/kzexpertise.fr\/index.php\/expertise-comptable\/\",\"name\":\"Expertise comptable - KZ Expertise\",\"isPartOf\":{\"@id\":\"https:\/\/kzexpertise.fr\/#website\"},\"datePublished\":\"2022-12-19T15:28:37+00:00\",\"dateModified\":\"2023-04-17T14:49:10+00:00\",\"description\":\"Qu\u2019est ce que la comptabilit\u00e9 ? Nous vous accompagnons dans votre organisation comptable et financi\u00e8re et assurons un service de qualit\u00e9.\",\"breadcrumb\":{\"@id\":\"https:\/\/kzexpertise.fr\/index.php\/expertise-comptable\/#breadcrumb\"},\"inLanguage\":\"fr-FR\",\"potentialAction\":[{\"@type\":\"ReadAction\",\"target\":[\"https:\/\/kzexpertise.fr\/index.php\/expertise-comptable\/\"]}]},{\"@type\":\"BreadcrumbList\",\"@id\":\"https:\/\/kzexpertise.fr\/index.php\/expertise-comptable\/#breadcrumb\",\"itemListElement\":[{\"@type\":\"ListItem\",\"position\":1,\"name\":\"Accueil\",\"item\":\"https:\/\/kzexpertise.fr\/\"},{\"@type\":\"ListItem\",\"position\":2,\"name\":\"Expertise comptable\"}]},{\"@type\":\"WebSite\",\"@id\":\"https:\/\/kzexpertise.fr\/#website\",\"url\":\"https:\/\/kzexpertise.fr\/\",\"name\":\"KZ Expertise\",\"description\":\"Un site utilisant WordPress\",\"publisher\":{\"@id\":\"https:\/\/kzexpertise.fr\/#organization\"},\"potentialAction\":[{\"@type\":\"SearchAction\",\"target\":{\"@type\":\"EntryPoint\",\"urlTemplate\":\"https:\/\/kzexpertise.fr\/?s={search_term_string}\"},\"query-input\":\"required name=search_term_string\"}],\"inLanguage\":\"fr-FR\"},{\"@type\":\"Organization\",\"@id\":\"https:\/\/kzexpertise.fr\/#organization\",\"name\":\"KZ Expertise\",\"url\":\"https:\/\/kzexpertise.fr\/\",\"logo\":{\"@type\":\"ImageObject\",\"inLanguage\":\"fr-FR\",\"@id\":\"https:\/\/kzexpertise.fr\/#\/schema\/logo\/image\/\",\"url\":\"https:\/\/kzexpertise.fr\/wp-content\/uploads\/2022\/12\/Sans-titre-1.png\",\"contentUrl\":\"https:\/\/kzexpertise.fr\/wp-content\/uploads\/2022\/12\/Sans-titre-1.png\",\"width\":1000,\"height\":1000,\"caption\":\"KZ Expertise\"},\"image\":{\"@id\":\"https:\/\/kzexpertise.fr\/#\/schema\/logo\/image\/\"}}]}<\/script>\n<!-- \/ Yoast SEO plugin. -->","yoast_head_json":{"title":"Expertise comptable - KZ Expertise","description":"Qu\u2019est ce que la comptabilit\u00e9 ? Nous vous accompagnons dans votre organisation comptable et financi\u00e8re et assurons un service de qualit\u00e9.","robots":{"index":"index","follow":"follow","max-snippet":"max-snippet:-1","max-image-preview":"max-image-preview:large","max-video-preview":"max-video-preview:-1"},"canonical":"https:\/\/kzexpertise.fr\/index.php\/expertise-comptable\/","og_locale":"fr_FR","og_type":"article","og_title":"Expertise comptable - KZ Expertise","og_description":"Qu\u2019est ce que la comptabilit\u00e9 ? Nous vous accompagnons dans votre organisation comptable et financi\u00e8re et assurons un service de qualit\u00e9.","og_url":"https:\/\/kzexpertise.fr\/index.php\/expertise-comptable\/","og_site_name":"KZ Expertise","article_modified_time":"2023-04-17T14:49:10+00:00","twitter_card":"summary_large_image","twitter_misc":{"Dur\u00e9e de lecture estim\u00e9e":"1 minute"},"schema":{"@context":"https:\/\/schema.org","@graph":[{"@type":"WebPage","@id":"https:\/\/kzexpertise.fr\/index.php\/expertise-comptable\/","url":"https:\/\/kzexpertise.fr\/index.php\/expertise-comptable\/","name":"Expertise comptable - KZ Expertise","isPartOf":{"@id":"https:\/\/kzexpertise.fr\/#website"},"datePublished":"2022-12-19T15:28:37+00:00","dateModified":"2023-04-17T14:49:10+00:00","description":"Qu\u2019est ce que la comptabilit\u00e9 ? Nous vous accompagnons dans votre organisation comptable et financi\u00e8re et assurons un service de qualit\u00e9.","breadcrumb":{"@id":"https:\/\/kzexpertise.fr\/index.php\/expertise-comptable\/#breadcrumb"},"inLanguage":"fr-FR","potentialAction":[{"@type":"ReadAction","target":["https:\/\/kzexpertise.fr\/index.php\/expertise-comptable\/"]}]},{"@type":"BreadcrumbList","@id":"https:\/\/kzexpertise.fr\/index.php\/expertise-comptable\/#breadcrumb","itemListElement":[{"@type":"ListItem","position":1,"name":"Accueil","item":"https:\/\/kzexpertise.fr\/"},{"@type":"ListItem","position":2,"name":"Expertise comptable"}]},{"@type":"WebSite","@id":"https:\/\/kzexpertise.fr\/#website","url":"https:\/\/kzexpertise.fr\/","name":"KZ Expertise","description":"Un site utilisant WordPress","publisher":{"@id":"https:\/\/kzexpertise.fr\/#organization"},"potentialAction":[{"@type":"SearchAction","target":{"@type":"EntryPoint","urlTemplate":"https:\/\/kzexpertise.fr\/?s={search_term_string}"},"query-input":"required name=search_term_string"}],"inLanguage":"fr-FR"},{"@type":"Organization","@id":"https:\/\/kzexpertise.fr\/#organization","name":"KZ Expertise","url":"https:\/\/kzexpertise.fr\/","logo":{"@type":"ImageObject","inLanguage":"fr-FR","@id":"https:\/\/kzexpertise.fr\/#\/schema\/logo\/image\/","url":"https:\/\/kzexpertise.fr\/wp-content\/uploads\/2022\/12\/Sans-titre-1.png","contentUrl":"https:\/\/kzexpertise.fr\/wp-content\/uploads\/2022\/12\/Sans-titre-1.png","width":1000,"height":1000,"caption":"KZ Expertise"},"image":{"@id":"https:\/\/kzexpertise.fr\/#\/schema\/logo\/image\/"}}]}},"_links":{"self":[{"href":"https:\/\/kzexpertise.fr\/index.php\/wp-json\/wp\/v2\/pages\/381","targetHints":{"allow":["GET"]}}],"collection":[{"href":"https:\/\/kzexpertise.fr\/index.php\/wp-json\/wp\/v2\/pages"}],"about":[{"href":"https:\/\/kzexpertise.fr\/index.php\/wp-json\/wp\/v2\/types\/page"}],"author":[{"embeddable":true,"href":"https:\/\/kzexpertise.fr\/index.php\/wp-json\/wp\/v2\/users\/1"}],"replies":[{"embeddable":true,"href":"https:\/\/kzexpertise.fr\/index.php\/wp-json\/wp\/v2\/comments?post=381"}],"version-history":[{"count":36,"href":"https:\/\/kzexpertise.fr\/index.php\/wp-json\/wp\/v2\/pages\/381\/revisions"}],"predecessor-version":[{"id":944,"href":"https:\/\/kzexpertise.fr\/index.php\/wp-json\/wp\/v2\/pages\/381\/revisions\/944"}],"wp:attachment":[{"href":"https:\/\/kzexpertise.fr\/index.php\/wp-json\/wp\/v2\/media?parent=381"}],"curies":[{"name":"wp","href":"https:\/\/api.w.org\/{rel}","templated":true}]}}