{"id":403,"date":"2022-12-19T16:49:08","date_gmt":"2022-12-19T15:49:08","guid":{"rendered":"https:\/\/kzexpertise.fr\/?page_id=403"},"modified":"2023-04-19T13:20:46","modified_gmt":"2023-04-19T11:20:46","slug":"audit","status":"publish","type":"page","link":"https:\/\/kzexpertise.fr\/index.php\/audit\/","title":{"rendered":"Audit"},"content":{"rendered":"\t\t<div data-elementor-type=\"wp-page\" data-elementor-id=\"403\" class=\"elementor elementor-403\">\n\t\t\t\t\t\t\t\t\t<section class=\"elementor-section elementor-top-section elementor-element elementor-element-59f7f53 elementor-section-height-min-height elementor-section-boxed elementor-section-height-default elementor-section-items-middle\" data-id=\"59f7f53\" data-element_type=\"section\" data-settings=\"{&quot;background_background&quot;:&quot;classic&quot;}\">\n\t\t\t\t\t\t\t<div class=\"elementor-background-overlay\"><\/div>\n\t\t\t\t\t\t\t<div class=\"elementor-container elementor-column-gap-default\">\n\t\t\t\t\t<div class=\"elementor-column elementor-col-100 elementor-top-column elementor-element elementor-element-c411c50\" data-id=\"c411c50\" data-element_type=\"column\">\n\t\t\t<div class=\"elementor-widget-wrap elementor-element-populated\">\n\t\t\t\t\t\t\t\t<div class=\"elementor-element elementor-element-7f91f7c elementor-widget elementor-widget-heading\" data-id=\"7f91f7c\" data-element_type=\"widget\" data-widget_type=\"heading.default\">\n\t\t\t\t<div class=\"elementor-widget-container\">\n\t\t\t<style>\/*! elementor - v3.12.1 - 02-04-2023 *\/\n.elementor-heading-title{padding:0;margin:0;line-height:1}.elementor-widget-heading .elementor-heading-title[class*=elementor-size-]>a{color:inherit;font-size:inherit;line-height:inherit}.elementor-widget-heading .elementor-heading-title.elementor-size-small{font-size:15px}.elementor-widget-heading .elementor-heading-title.elementor-size-medium{font-size:19px}.elementor-widget-heading .elementor-heading-title.elementor-size-large{font-size:29px}.elementor-widget-heading .elementor-heading-title.elementor-size-xl{font-size:39px}.elementor-widget-heading .elementor-heading-title.elementor-size-xxl{font-size:59px}<\/style><h1 class=\"elementor-heading-title elementor-size-default\">Audit<\/h1>\t\t<\/div>\n\t\t\t\t<\/div>\n\t\t\t\t<section class=\"elementor-section elementor-inner-section elementor-element elementor-element-7489e99 elementor-section-boxed elementor-section-height-default elementor-section-height-default\" data-id=\"7489e99\" data-element_type=\"section\">\n\t\t\t\t\t\t<div class=\"elementor-container elementor-column-gap-default\">\n\t\t\t\t\t<div class=\"elementor-column elementor-col-50 elementor-inner-column elementor-element elementor-element-d21b1bb\" data-id=\"d21b1bb\" data-element_type=\"column\">\n\t\t\t<div class=\"elementor-widget-wrap elementor-element-populated\">\n\t\t\t\t\t\t\t\t<div class=\"elementor-element elementor-element-f4a950a elementor-align-right elementor-mobile-align-left elementor-widget elementor-widget-button\" data-id=\"f4a950a\" data-element_type=\"widget\" data-widget_type=\"button.default\">\n\t\t\t\t<div class=\"elementor-widget-container\">\n\t\t\t\t\t<div class=\"elementor-button-wrapper\">\n\t\t\t<a href=\"https:\/\/kzexpertise.fr\/index.php\/nos-metiers\/\" class=\"elementor-button-link elementor-button elementor-size-lg\" role=\"button\">\n\t\t\t\t\t\t<span class=\"elementor-button-content-wrapper\">\n\t\t\t\t\t\t<span class=\"elementor-button-text\">Nos m\u00e9tiers<\/span>\n\t\t<\/span>\n\t\t\t\t\t<\/a>\n\t\t<\/div>\n\t\t\t\t<\/div>\n\t\t\t\t<\/div>\n\t\t\t\t\t<\/div>\n\t\t<\/div>\n\t\t\t\t<div class=\"elementor-column elementor-col-50 elementor-inner-column elementor-element elementor-element-9d0f9f7\" data-id=\"9d0f9f7\" data-element_type=\"column\">\n\t\t\t<div class=\"elementor-widget-wrap elementor-element-populated\">\n\t\t\t\t\t\t\t\t<div class=\"elementor-element elementor-element-935737f elementor-align-left elementor-widget elementor-widget-button\" data-id=\"935737f\" data-element_type=\"widget\" data-widget_type=\"button.default\">\n\t\t\t\t<div class=\"elementor-widget-container\">\n\t\t\t\t\t<div class=\"elementor-button-wrapper\">\n\t\t\t<a href=\"https:\/\/kzexpertise.fr\/index.php\/contact\/\" class=\"elementor-button-link elementor-button elementor-size-lg\" role=\"button\">\n\t\t\t\t\t\t<span class=\"elementor-button-content-wrapper\">\n\t\t\t\t\t\t<span class=\"elementor-button-text\">CONTACT<\/span>\n\t\t<\/span>\n\t\t\t\t\t<\/a>\n\t\t<\/div>\n\t\t\t\t<\/div>\n\t\t\t\t<\/div>\n\t\t\t\t\t<\/div>\n\t\t<\/div>\n\t\t\t\t\t\t\t<\/div>\n\t\t<\/section>\n\t\t\t\t\t<\/div>\n\t\t<\/div>\n\t\t\t\t\t\t\t<\/div>\n\t\t<\/section>\n\t\t\t\t<section class=\"elementor-section elementor-top-section elementor-element elementor-element-df1dcca elementor-section-boxed elementor-section-height-default elementor-section-height-default\" data-id=\"df1dcca\" data-element_type=\"section\">\n\t\t\t\t\t\t<div class=\"elementor-container elementor-column-gap-default\">\n\t\t\t\t\t<div class=\"elementor-column elementor-col-100 elementor-top-column elementor-element elementor-element-e2d83c4\" data-id=\"e2d83c4\" data-element_type=\"column\">\n\t\t\t<div class=\"elementor-widget-wrap elementor-element-populated\">\n\t\t\t\t\t\t\t\t<div class=\"elementor-element elementor-element-1ffdca4 elementor-widget elementor-widget-text-editor\" data-id=\"1ffdca4\" data-element_type=\"widget\" data-widget_type=\"text-editor.default\">\n\t\t\t\t<div class=\"elementor-widget-container\">\n\t\t\t<style>\/*! elementor - v3.12.1 - 02-04-2023 *\/\n.elementor-widget-text-editor.elementor-drop-cap-view-stacked .elementor-drop-cap{background-color:#69727d;color:#fff}.elementor-widget-text-editor.elementor-drop-cap-view-framed .elementor-drop-cap{color:#69727d;border:3px solid;background-color:transparent}.elementor-widget-text-editor:not(.elementor-drop-cap-view-default) .elementor-drop-cap{margin-top:8px}.elementor-widget-text-editor:not(.elementor-drop-cap-view-default) .elementor-drop-cap-letter{width:1em;height:1em}.elementor-widget-text-editor .elementor-drop-cap{float:left;text-align:center;line-height:1;font-size:50px}.elementor-widget-text-editor .elementor-drop-cap-letter{display:inline-block}<\/style>\t\t\t\t<p>Qu&rsquo;est ce qu&rsquo;un\u00a0<span style=\"font-weight: bold;\">audit<\/span>\u00a0? Votre entreprise r\u00e9pond-elle aux\u00a0<span style=\"font-weight: bold;\">exigences l\u00e9gales<\/span>\u00a0? Y a-t-il des\u00a0<span style=\"font-weight: bold;\">risques<\/span> dans mon secteur d&rsquo;activit\u00e9 ? KZ Expertise propose ses services d&rsquo;audit aux professionnels de tous secteurs. D\u00e9couvrez la plaquette ci-dessous pour en savoir plus sur nos prestations.<\/p>\t\t\t\t\t\t<\/div>\n\t\t\t\t<\/div>\n\t\t\t\t<div class=\"elementor-element elementor-element-c9c0406 elementor-align-center elementor-mobile-align-left elementor-widget elementor-widget-button\" data-id=\"c9c0406\" data-element_type=\"widget\" data-widget_type=\"button.default\">\n\t\t\t\t<div class=\"elementor-widget-container\">\n\t\t\t\t\t<div class=\"elementor-button-wrapper\">\n\t\t\t<a href=\"https:\/\/kzexpertise.fr\/wp-content\/uploads\/2022\/12\/Plaquette-KZ_Audit.pdf\" target=\"_blank\" class=\"elementor-button-link elementor-button elementor-size-sm\" role=\"button\">\n\t\t\t\t\t\t<span class=\"elementor-button-content-wrapper\">\n\t\t\t\t\t\t<span class=\"elementor-button-text\">D\u00e9couvrir la plaquette<\/span>\n\t\t<\/span>\n\t\t\t\t\t<\/a>\n\t\t<\/div>\n\t\t\t\t<\/div>\n\t\t\t\t<\/div>\n\t\t\t\t\t<\/div>\n\t\t<\/div>\n\t\t\t\t\t\t\t<\/div>\n\t\t<\/section>\n\t\t\t\t\t\t\t<\/div>\n\t\t","protected":false},"excerpt":{"rendered":"<p>Audit Nos m\u00e9tiers CONTACT Qu&rsquo;est ce qu&rsquo;un\u00a0audit\u00a0? Votre entreprise r\u00e9pond-elle aux\u00a0exigences l\u00e9gales\u00a0? Y a-t-il des\u00a0risques dans mon secteur d&rsquo;activit\u00e9 ? KZ Expertise propose ses services d&rsquo;audit aux professionnels de tous secteurs. D\u00e9couvrez la plaquette ci-dessous pour en savoir plus sur nos prestations. D\u00e9couvrir la plaquette<\/p>\n","protected":false},"author":1,"featured_media":0,"parent":0,"menu_order":0,"comment_status":"closed","ping_status":"closed","template":"","meta":{"site-sidebar-layout":"no-sidebar","site-content-layout":"page-builder","ast-global-header-display":"","ast-main-header-display":"","ast-hfb-above-header-display":"","ast-hfb-below-header-display":"","ast-hfb-mobile-header-display":"","site-post-title":"disabled","ast-breadcrumbs-content":"","ast-featured-img":"disabled","footer-sml-layout":"","theme-transparent-header-meta":"","adv-header-id-meta":"","stick-header-meta":"","header-above-stick-meta":"","header-main-stick-meta":"","header-below-stick-meta":"","footnotes":""},"class_list":["post-403","page","type-page","status-publish","hentry"],"yoast_head":"<!-- This site is optimized with the Yoast SEO plugin v20.5 - https:\/\/yoast.com\/wordpress\/plugins\/seo\/ -->\n<title>Audit - KZ Expertise<\/title>\n<meta name=\"description\" content=\"Qu\u2019est ce qu\u2019un audit ? Votre entreprise r\u00e9pond-elle aux exigences l\u00e9gales ? Y a-t-il des risques dans mon secteur d\u2019activit\u00e9 ?\" \/>\n<meta name=\"robots\" content=\"index, follow, max-snippet:-1, max-image-preview:large, max-video-preview:-1\" \/>\n<link rel=\"canonical\" href=\"https:\/\/kzexpertise.fr\/index.php\/audit\/\" \/>\n<meta property=\"og:locale\" content=\"fr_FR\" \/>\n<meta property=\"og:type\" content=\"article\" \/>\n<meta property=\"og:title\" content=\"Audit - KZ Expertise\" \/>\n<meta property=\"og:description\" content=\"Qu\u2019est ce qu\u2019un audit ? Votre entreprise r\u00e9pond-elle aux exigences l\u00e9gales ? Y a-t-il des risques dans mon secteur d\u2019activit\u00e9 ?\" \/>\n<meta property=\"og:url\" content=\"https:\/\/kzexpertise.fr\/index.php\/audit\/\" \/>\n<meta property=\"og:site_name\" content=\"KZ Expertise\" \/>\n<meta property=\"article:modified_time\" content=\"2023-04-19T11:20:46+00:00\" \/>\n<meta name=\"twitter:card\" content=\"summary_large_image\" \/>\n<meta name=\"twitter:label1\" content=\"Dur\u00e9e de lecture estim\u00e9e\" \/>\n\t<meta name=\"twitter:data1\" content=\"1 minute\" \/>\n<script type=\"application\/ld+json\" class=\"yoast-schema-graph\">{\"@context\":\"https:\/\/schema.org\",\"@graph\":[{\"@type\":\"WebPage\",\"@id\":\"https:\/\/kzexpertise.fr\/index.php\/audit\/\",\"url\":\"https:\/\/kzexpertise.fr\/index.php\/audit\/\",\"name\":\"Audit - KZ Expertise\",\"isPartOf\":{\"@id\":\"https:\/\/kzexpertise.fr\/#website\"},\"datePublished\":\"2022-12-19T15:49:08+00:00\",\"dateModified\":\"2023-04-19T11:20:46+00:00\",\"description\":\"Qu\u2019est ce qu\u2019un audit ? Votre entreprise r\u00e9pond-elle aux exigences l\u00e9gales ? Y a-t-il des risques dans mon secteur d\u2019activit\u00e9 ?\",\"breadcrumb\":{\"@id\":\"https:\/\/kzexpertise.fr\/index.php\/audit\/#breadcrumb\"},\"inLanguage\":\"fr-FR\",\"potentialAction\":[{\"@type\":\"ReadAction\",\"target\":[\"https:\/\/kzexpertise.fr\/index.php\/audit\/\"]}]},{\"@type\":\"BreadcrumbList\",\"@id\":\"https:\/\/kzexpertise.fr\/index.php\/audit\/#breadcrumb\",\"itemListElement\":[{\"@type\":\"ListItem\",\"position\":1,\"name\":\"Accueil\",\"item\":\"https:\/\/kzexpertise.fr\/\"},{\"@type\":\"ListItem\",\"position\":2,\"name\":\"Audit\"}]},{\"@type\":\"WebSite\",\"@id\":\"https:\/\/kzexpertise.fr\/#website\",\"url\":\"https:\/\/kzexpertise.fr\/\",\"name\":\"KZ Expertise\",\"description\":\"Un site utilisant WordPress\",\"publisher\":{\"@id\":\"https:\/\/kzexpertise.fr\/#organization\"},\"potentialAction\":[{\"@type\":\"SearchAction\",\"target\":{\"@type\":\"EntryPoint\",\"urlTemplate\":\"https:\/\/kzexpertise.fr\/?s={search_term_string}\"},\"query-input\":\"required name=search_term_string\"}],\"inLanguage\":\"fr-FR\"},{\"@type\":\"Organization\",\"@id\":\"https:\/\/kzexpertise.fr\/#organization\",\"name\":\"KZ Expertise\",\"url\":\"https:\/\/kzexpertise.fr\/\",\"logo\":{\"@type\":\"ImageObject\",\"inLanguage\":\"fr-FR\",\"@id\":\"https:\/\/kzexpertise.fr\/#\/schema\/logo\/image\/\",\"url\":\"https:\/\/kzexpertise.fr\/wp-content\/uploads\/2022\/12\/Sans-titre-1.png\",\"contentUrl\":\"https:\/\/kzexpertise.fr\/wp-content\/uploads\/2022\/12\/Sans-titre-1.png\",\"width\":1000,\"height\":1000,\"caption\":\"KZ Expertise\"},\"image\":{\"@id\":\"https:\/\/kzexpertise.fr\/#\/schema\/logo\/image\/\"}}]}<\/script>\n<!-- \/ Yoast SEO plugin. -->","yoast_head_json":{"title":"Audit - KZ Expertise","description":"Qu\u2019est ce qu\u2019un audit ? Votre entreprise r\u00e9pond-elle aux exigences l\u00e9gales ? Y a-t-il des risques dans mon secteur d\u2019activit\u00e9 ?","robots":{"index":"index","follow":"follow","max-snippet":"max-snippet:-1","max-image-preview":"max-image-preview:large","max-video-preview":"max-video-preview:-1"},"canonical":"https:\/\/kzexpertise.fr\/index.php\/audit\/","og_locale":"fr_FR","og_type":"article","og_title":"Audit - KZ Expertise","og_description":"Qu\u2019est ce qu\u2019un audit ? Votre entreprise r\u00e9pond-elle aux exigences l\u00e9gales ? Y a-t-il des risques dans mon secteur d\u2019activit\u00e9 ?","og_url":"https:\/\/kzexpertise.fr\/index.php\/audit\/","og_site_name":"KZ Expertise","article_modified_time":"2023-04-19T11:20:46+00:00","twitter_card":"summary_large_image","twitter_misc":{"Dur\u00e9e de lecture estim\u00e9e":"1 minute"},"schema":{"@context":"https:\/\/schema.org","@graph":[{"@type":"WebPage","@id":"https:\/\/kzexpertise.fr\/index.php\/audit\/","url":"https:\/\/kzexpertise.fr\/index.php\/audit\/","name":"Audit - KZ Expertise","isPartOf":{"@id":"https:\/\/kzexpertise.fr\/#website"},"datePublished":"2022-12-19T15:49:08+00:00","dateModified":"2023-04-19T11:20:46+00:00","description":"Qu\u2019est ce qu\u2019un audit ? Votre entreprise r\u00e9pond-elle aux exigences l\u00e9gales ? Y a-t-il des risques dans mon secteur d\u2019activit\u00e9 ?","breadcrumb":{"@id":"https:\/\/kzexpertise.fr\/index.php\/audit\/#breadcrumb"},"inLanguage":"fr-FR","potentialAction":[{"@type":"ReadAction","target":["https:\/\/kzexpertise.fr\/index.php\/audit\/"]}]},{"@type":"BreadcrumbList","@id":"https:\/\/kzexpertise.fr\/index.php\/audit\/#breadcrumb","itemListElement":[{"@type":"ListItem","position":1,"name":"Accueil","item":"https:\/\/kzexpertise.fr\/"},{"@type":"ListItem","position":2,"name":"Audit"}]},{"@type":"WebSite","@id":"https:\/\/kzexpertise.fr\/#website","url":"https:\/\/kzexpertise.fr\/","name":"KZ Expertise","description":"Un site utilisant WordPress","publisher":{"@id":"https:\/\/kzexpertise.fr\/#organization"},"potentialAction":[{"@type":"SearchAction","target":{"@type":"EntryPoint","urlTemplate":"https:\/\/kzexpertise.fr\/?s={search_term_string}"},"query-input":"required name=search_term_string"}],"inLanguage":"fr-FR"},{"@type":"Organization","@id":"https:\/\/kzexpertise.fr\/#organization","name":"KZ Expertise","url":"https:\/\/kzexpertise.fr\/","logo":{"@type":"ImageObject","inLanguage":"fr-FR","@id":"https:\/\/kzexpertise.fr\/#\/schema\/logo\/image\/","url":"https:\/\/kzexpertise.fr\/wp-content\/uploads\/2022\/12\/Sans-titre-1.png","contentUrl":"https:\/\/kzexpertise.fr\/wp-content\/uploads\/2022\/12\/Sans-titre-1.png","width":1000,"height":1000,"caption":"KZ Expertise"},"image":{"@id":"https:\/\/kzexpertise.fr\/#\/schema\/logo\/image\/"}}]}},"_links":{"self":[{"href":"https:\/\/kzexpertise.fr\/index.php\/wp-json\/wp\/v2\/pages\/403","targetHints":{"allow":["GET"]}}],"collection":[{"href":"https:\/\/kzexpertise.fr\/index.php\/wp-json\/wp\/v2\/pages"}],"about":[{"href":"https:\/\/kzexpertise.fr\/index.php\/wp-json\/wp\/v2\/types\/page"}],"author":[{"embeddable":true,"href":"https:\/\/kzexpertise.fr\/index.php\/wp-json\/wp\/v2\/users\/1"}],"replies":[{"embeddable":true,"href":"https:\/\/kzexpertise.fr\/index.php\/wp-json\/wp\/v2\/comments?post=403"}],"version-history":[{"count":20,"href":"https:\/\/kzexpertise.fr\/index.php\/wp-json\/wp\/v2\/pages\/403\/revisions"}],"predecessor-version":[{"id":956,"href":"https:\/\/kzexpertise.fr\/index.php\/wp-json\/wp\/v2\/pages\/403\/revisions\/956"}],"wp:attachment":[{"href":"https:\/\/kzexpertise.fr\/index.php\/wp-json\/wp\/v2\/media?parent=403"}],"curies":[{"name":"wp","href":"https:\/\/api.w.org\/{rel}","templated":true}]}}