{"id":494,"date":"2022-12-19T23:02:43","date_gmt":"2022-12-19T22:02:43","guid":{"rendered":"http:\/\/kzexpertise.fr\/?page_id=494"},"modified":"2022-12-21T15:28:56","modified_gmt":"2022-12-21T14:28:56","slug":"professions-liberales","status":"publish","type":"page","link":"https:\/\/kzexpertise.fr\/index.php\/professions-liberales\/","title":{"rendered":"Professions lib\u00e9rales"},"content":{"rendered":"\t\t<div data-elementor-type=\"wp-page\" data-elementor-id=\"494\" class=\"elementor elementor-494\">\n\t\t\t\t\t\t\t\t\t<section class=\"elementor-section elementor-top-section elementor-element elementor-element-a4f8127 elementor-section-height-min-height elementor-section-boxed elementor-section-height-default elementor-section-items-middle\" data-id=\"a4f8127\" data-element_type=\"section\" data-settings=\"{&quot;background_background&quot;:&quot;classic&quot;}\">\n\t\t\t\t\t\t\t<div class=\"elementor-background-overlay\"><\/div>\n\t\t\t\t\t\t\t<div class=\"elementor-container elementor-column-gap-default\">\n\t\t\t\t\t<div class=\"elementor-column elementor-col-100 elementor-top-column elementor-element elementor-element-61d64c1\" data-id=\"61d64c1\" data-element_type=\"column\">\n\t\t\t<div class=\"elementor-widget-wrap elementor-element-populated\">\n\t\t\t\t\t\t\t\t<div class=\"elementor-element elementor-element-dfc49b6 elementor-widget elementor-widget-heading\" data-id=\"dfc49b6\" data-element_type=\"widget\" data-widget_type=\"heading.default\">\n\t\t\t\t<div class=\"elementor-widget-container\">\n\t\t\t<style>\/*! elementor - v3.12.1 - 02-04-2023 *\/\n.elementor-heading-title{padding:0;margin:0;line-height:1}.elementor-widget-heading .elementor-heading-title[class*=elementor-size-]>a{color:inherit;font-size:inherit;line-height:inherit}.elementor-widget-heading .elementor-heading-title.elementor-size-small{font-size:15px}.elementor-widget-heading .elementor-heading-title.elementor-size-medium{font-size:19px}.elementor-widget-heading .elementor-heading-title.elementor-size-large{font-size:29px}.elementor-widget-heading .elementor-heading-title.elementor-size-xl{font-size:39px}.elementor-widget-heading .elementor-heading-title.elementor-size-xxl{font-size:59px}<\/style><h1 class=\"elementor-heading-title elementor-size-default\">Professions lib\u00e9rales<\/h1>\t\t<\/div>\n\t\t\t\t<\/div>\n\t\t\t\t<section class=\"elementor-section elementor-inner-section elementor-element elementor-element-29724f2 elementor-section-boxed elementor-section-height-default elementor-section-height-default\" data-id=\"29724f2\" data-element_type=\"section\">\n\t\t\t\t\t\t<div class=\"elementor-container elementor-column-gap-default\">\n\t\t\t\t\t<div class=\"elementor-column elementor-col-50 elementor-inner-column elementor-element elementor-element-adc9ceb\" data-id=\"adc9ceb\" data-element_type=\"column\">\n\t\t\t<div class=\"elementor-widget-wrap elementor-element-populated\">\n\t\t\t\t\t\t\t\t<div class=\"elementor-element elementor-element-2f85275 elementor-align-right elementor-mobile-align-left elementor-widget elementor-widget-button\" data-id=\"2f85275\" data-element_type=\"widget\" data-widget_type=\"button.default\">\n\t\t\t\t<div class=\"elementor-widget-container\">\n\t\t\t\t\t<div class=\"elementor-button-wrapper\">\n\t\t\t<a href=\"https:\/\/kzexpertise.fr\/index.php\/nos-metiers\/\" class=\"elementor-button-link elementor-button elementor-size-lg\" role=\"button\">\n\t\t\t\t\t\t<span class=\"elementor-button-content-wrapper\">\n\t\t\t\t\t\t<span class=\"elementor-button-text\">Nos m\u00e9tiers<\/span>\n\t\t<\/span>\n\t\t\t\t\t<\/a>\n\t\t<\/div>\n\t\t\t\t<\/div>\n\t\t\t\t<\/div>\n\t\t\t\t\t<\/div>\n\t\t<\/div>\n\t\t\t\t<div class=\"elementor-column elementor-col-50 elementor-inner-column elementor-element elementor-element-b9707a7\" data-id=\"b9707a7\" data-element_type=\"column\">\n\t\t\t<div class=\"elementor-widget-wrap elementor-element-populated\">\n\t\t\t\t\t\t\t\t<div class=\"elementor-element elementor-element-905d720 elementor-align-left elementor-widget elementor-widget-button\" data-id=\"905d720\" data-element_type=\"widget\" data-widget_type=\"button.default\">\n\t\t\t\t<div class=\"elementor-widget-container\">\n\t\t\t\t\t<div class=\"elementor-button-wrapper\">\n\t\t\t<a href=\"https:\/\/kzexpertise.fr\/index.php\/contact\/\" class=\"elementor-button-link elementor-button elementor-size-lg\" role=\"button\">\n\t\t\t\t\t\t<span class=\"elementor-button-content-wrapper\">\n\t\t\t\t\t\t<span class=\"elementor-button-text\">CONTACT<\/span>\n\t\t<\/span>\n\t\t\t\t\t<\/a>\n\t\t<\/div>\n\t\t\t\t<\/div>\n\t\t\t\t<\/div>\n\t\t\t\t\t<\/div>\n\t\t<\/div>\n\t\t\t\t\t\t\t<\/div>\n\t\t<\/section>\n\t\t\t\t\t<\/div>\n\t\t<\/div>\n\t\t\t\t\t\t\t<\/div>\n\t\t<\/section>\n\t\t\t\t<section class=\"elementor-section elementor-top-section elementor-element elementor-element-ace5020 elementor-section-boxed elementor-section-height-default elementor-section-height-default\" data-id=\"ace5020\" data-element_type=\"section\">\n\t\t\t\t\t\t<div class=\"elementor-container elementor-column-gap-default\">\n\t\t\t\t\t<div class=\"elementor-column elementor-col-100 elementor-top-column elementor-element elementor-element-663b33e\" data-id=\"663b33e\" data-element_type=\"column\">\n\t\t\t<div class=\"elementor-widget-wrap elementor-element-populated\">\n\t\t\t\t\t\t\t\t<div class=\"elementor-element elementor-element-3e0bcbe elementor-widget elementor-widget-text-editor\" data-id=\"3e0bcbe\" data-element_type=\"widget\" data-widget_type=\"text-editor.default\">\n\t\t\t\t<div class=\"elementor-widget-container\">\n\t\t\t<style>\/*! elementor - v3.12.1 - 02-04-2023 *\/\n.elementor-widget-text-editor.elementor-drop-cap-view-stacked .elementor-drop-cap{background-color:#69727d;color:#fff}.elementor-widget-text-editor.elementor-drop-cap-view-framed .elementor-drop-cap{color:#69727d;border:3px solid;background-color:transparent}.elementor-widget-text-editor:not(.elementor-drop-cap-view-default) .elementor-drop-cap{margin-top:8px}.elementor-widget-text-editor:not(.elementor-drop-cap-view-default) .elementor-drop-cap-letter{width:1em;height:1em}.elementor-widget-text-editor .elementor-drop-cap{float:left;text-align:center;line-height:1;font-size:50px}.elementor-widget-text-editor .elementor-drop-cap-letter{display:inline-block}<\/style>\t\t\t\t<p>Vous \u00eates <b>ind\u00e9pendant<\/b> et exercez une <b>activit\u00e9 lib\u00e9rale<\/b> ? Vos professions sont soumises \u00e0 des <b>r\u00e9glementations sp\u00e9cifiques<\/b>, il est donc n\u00e9cessaire d&rsquo;\u00eatre accompagn\u00e9 par des <b>professionnels qualifi\u00e9s<\/b>.\u00a0<\/p>\t\t\t\t\t\t<\/div>\n\t\t\t\t<\/div>\n\t\t\t\t<div class=\"elementor-element elementor-element-e6d7397 elementor-align-center elementor-mobile-align-left elementor-widget elementor-widget-button\" data-id=\"e6d7397\" data-element_type=\"widget\" data-widget_type=\"button.default\">\n\t\t\t\t<div class=\"elementor-widget-container\">\n\t\t\t\t\t<div class=\"elementor-button-wrapper\">\n\t\t\t<a href=\"https:\/\/kzexpertise.fr\/wp-content\/uploads\/2022\/12\/Plaquette-KZ_ProfessionLiberale.pdf\" target=\"_blank\" class=\"elementor-button-link elementor-button elementor-size-sm\" role=\"button\">\n\t\t\t\t\t\t<span class=\"elementor-button-content-wrapper\">\n\t\t\t\t\t\t<span class=\"elementor-button-text\">D\u00e9couvrir la plaquette<\/span>\n\t\t<\/span>\n\t\t\t\t\t<\/a>\n\t\t<\/div>\n\t\t\t\t<\/div>\n\t\t\t\t<\/div>\n\t\t\t\t\t<\/div>\n\t\t<\/div>\n\t\t\t\t\t\t\t<\/div>\n\t\t<\/section>\n\t\t\t\t\t\t\t<\/div>\n\t\t","protected":false},"excerpt":{"rendered":"<p>Professions lib\u00e9rales Nos m\u00e9tiers CONTACT Vous \u00eates ind\u00e9pendant et exercez une activit\u00e9 lib\u00e9rale ? Vos professions sont soumises \u00e0 des r\u00e9glementations sp\u00e9cifiques, il est donc n\u00e9cessaire d&rsquo;\u00eatre accompagn\u00e9 par des professionnels qualifi\u00e9s.\u00a0 D\u00e9couvrir la plaquette<\/p>\n","protected":false},"author":1,"featured_media":0,"parent":0,"menu_order":0,"comment_status":"closed","ping_status":"closed","template":"","meta":{"site-sidebar-layout":"no-sidebar","site-content-layout":"page-builder","ast-global-header-display":"","ast-main-header-display":"","ast-hfb-above-header-display":"","ast-hfb-below-header-display":"","ast-hfb-mobile-header-display":"","site-post-title":"disabled","ast-breadcrumbs-content":"","ast-featured-img":"disabled","footer-sml-layout":"","theme-transparent-header-meta":"","adv-header-id-meta":"","stick-header-meta":"","header-above-stick-meta":"","header-main-stick-meta":"","header-below-stick-meta":"","footnotes":""},"class_list":["post-494","page","type-page","status-publish","hentry"],"yoast_head":"<!-- This site is optimized with the Yoast SEO plugin v20.5 - https:\/\/yoast.com\/wordpress\/plugins\/seo\/ -->\n<title>Professions lib\u00e9rales - KZ Expertise<\/title>\n<meta name=\"robots\" content=\"index, follow, max-snippet:-1, max-image-preview:large, max-video-preview:-1\" \/>\n<link rel=\"canonical\" href=\"https:\/\/kzexpertise.fr\/index.php\/professions-liberales\/\" \/>\n<meta property=\"og:locale\" content=\"fr_FR\" \/>\n<meta property=\"og:type\" content=\"article\" \/>\n<meta property=\"og:title\" content=\"Professions lib\u00e9rales - KZ Expertise\" \/>\n<meta property=\"og:description\" content=\"Professions lib\u00e9rales Nos m\u00e9tiers CONTACT Vous \u00eates ind\u00e9pendant et exercez une activit\u00e9 lib\u00e9rale ? Vos professions sont soumises \u00e0 des r\u00e9glementations sp\u00e9cifiques, il est donc n\u00e9cessaire d&rsquo;\u00eatre accompagn\u00e9 par des professionnels qualifi\u00e9s.\u00a0 D\u00e9couvrir la plaquette\" \/>\n<meta property=\"og:url\" content=\"https:\/\/kzexpertise.fr\/index.php\/professions-liberales\/\" \/>\n<meta property=\"og:site_name\" content=\"KZ Expertise\" \/>\n<meta property=\"article:modified_time\" content=\"2022-12-21T14:28:56+00:00\" \/>\n<meta name=\"twitter:card\" content=\"summary_large_image\" \/>\n<meta name=\"twitter:label1\" content=\"Dur\u00e9e de lecture estim\u00e9e\" \/>\n\t<meta name=\"twitter:data1\" content=\"1 minute\" \/>\n<script type=\"application\/ld+json\" class=\"yoast-schema-graph\">{\"@context\":\"https:\/\/schema.org\",\"@graph\":[{\"@type\":\"WebPage\",\"@id\":\"https:\/\/kzexpertise.fr\/index.php\/professions-liberales\/\",\"url\":\"https:\/\/kzexpertise.fr\/index.php\/professions-liberales\/\",\"name\":\"Professions lib\u00e9rales - KZ Expertise\",\"isPartOf\":{\"@id\":\"https:\/\/kzexpertise.fr\/#website\"},\"datePublished\":\"2022-12-19T22:02:43+00:00\",\"dateModified\":\"2022-12-21T14:28:56+00:00\",\"breadcrumb\":{\"@id\":\"https:\/\/kzexpertise.fr\/index.php\/professions-liberales\/#breadcrumb\"},\"inLanguage\":\"fr-FR\",\"potentialAction\":[{\"@type\":\"ReadAction\",\"target\":[\"https:\/\/kzexpertise.fr\/index.php\/professions-liberales\/\"]}]},{\"@type\":\"BreadcrumbList\",\"@id\":\"https:\/\/kzexpertise.fr\/index.php\/professions-liberales\/#breadcrumb\",\"itemListElement\":[{\"@type\":\"ListItem\",\"position\":1,\"name\":\"Accueil\",\"item\":\"https:\/\/kzexpertise.fr\/\"},{\"@type\":\"ListItem\",\"position\":2,\"name\":\"Professions lib\u00e9rales\"}]},{\"@type\":\"WebSite\",\"@id\":\"https:\/\/kzexpertise.fr\/#website\",\"url\":\"https:\/\/kzexpertise.fr\/\",\"name\":\"KZ Expertise\",\"description\":\"Un site utilisant WordPress\",\"publisher\":{\"@id\":\"https:\/\/kzexpertise.fr\/#organization\"},\"potentialAction\":[{\"@type\":\"SearchAction\",\"target\":{\"@type\":\"EntryPoint\",\"urlTemplate\":\"https:\/\/kzexpertise.fr\/?s={search_term_string}\"},\"query-input\":\"required name=search_term_string\"}],\"inLanguage\":\"fr-FR\"},{\"@type\":\"Organization\",\"@id\":\"https:\/\/kzexpertise.fr\/#organization\",\"name\":\"KZ Expertise\",\"url\":\"https:\/\/kzexpertise.fr\/\",\"logo\":{\"@type\":\"ImageObject\",\"inLanguage\":\"fr-FR\",\"@id\":\"https:\/\/kzexpertise.fr\/#\/schema\/logo\/image\/\",\"url\":\"https:\/\/kzexpertise.fr\/wp-content\/uploads\/2022\/12\/Sans-titre-1.png\",\"contentUrl\":\"https:\/\/kzexpertise.fr\/wp-content\/uploads\/2022\/12\/Sans-titre-1.png\",\"width\":1000,\"height\":1000,\"caption\":\"KZ Expertise\"},\"image\":{\"@id\":\"https:\/\/kzexpertise.fr\/#\/schema\/logo\/image\/\"}}]}<\/script>\n<!-- \/ Yoast SEO plugin. -->","yoast_head_json":{"title":"Professions lib\u00e9rales - KZ Expertise","robots":{"index":"index","follow":"follow","max-snippet":"max-snippet:-1","max-image-preview":"max-image-preview:large","max-video-preview":"max-video-preview:-1"},"canonical":"https:\/\/kzexpertise.fr\/index.php\/professions-liberales\/","og_locale":"fr_FR","og_type":"article","og_title":"Professions lib\u00e9rales - KZ Expertise","og_description":"Professions lib\u00e9rales Nos m\u00e9tiers CONTACT Vous \u00eates ind\u00e9pendant et exercez une activit\u00e9 lib\u00e9rale ? Vos professions sont soumises \u00e0 des r\u00e9glementations sp\u00e9cifiques, il est donc n\u00e9cessaire d&rsquo;\u00eatre accompagn\u00e9 par des professionnels qualifi\u00e9s.\u00a0 D\u00e9couvrir la plaquette","og_url":"https:\/\/kzexpertise.fr\/index.php\/professions-liberales\/","og_site_name":"KZ Expertise","article_modified_time":"2022-12-21T14:28:56+00:00","twitter_card":"summary_large_image","twitter_misc":{"Dur\u00e9e de lecture estim\u00e9e":"1 minute"},"schema":{"@context":"https:\/\/schema.org","@graph":[{"@type":"WebPage","@id":"https:\/\/kzexpertise.fr\/index.php\/professions-liberales\/","url":"https:\/\/kzexpertise.fr\/index.php\/professions-liberales\/","name":"Professions lib\u00e9rales - KZ Expertise","isPartOf":{"@id":"https:\/\/kzexpertise.fr\/#website"},"datePublished":"2022-12-19T22:02:43+00:00","dateModified":"2022-12-21T14:28:56+00:00","breadcrumb":{"@id":"https:\/\/kzexpertise.fr\/index.php\/professions-liberales\/#breadcrumb"},"inLanguage":"fr-FR","potentialAction":[{"@type":"ReadAction","target":["https:\/\/kzexpertise.fr\/index.php\/professions-liberales\/"]}]},{"@type":"BreadcrumbList","@id":"https:\/\/kzexpertise.fr\/index.php\/professions-liberales\/#breadcrumb","itemListElement":[{"@type":"ListItem","position":1,"name":"Accueil","item":"https:\/\/kzexpertise.fr\/"},{"@type":"ListItem","position":2,"name":"Professions lib\u00e9rales"}]},{"@type":"WebSite","@id":"https:\/\/kzexpertise.fr\/#website","url":"https:\/\/kzexpertise.fr\/","name":"KZ Expertise","description":"Un site utilisant WordPress","publisher":{"@id":"https:\/\/kzexpertise.fr\/#organization"},"potentialAction":[{"@type":"SearchAction","target":{"@type":"EntryPoint","urlTemplate":"https:\/\/kzexpertise.fr\/?s={search_term_string}"},"query-input":"required name=search_term_string"}],"inLanguage":"fr-FR"},{"@type":"Organization","@id":"https:\/\/kzexpertise.fr\/#organization","name":"KZ Expertise","url":"https:\/\/kzexpertise.fr\/","logo":{"@type":"ImageObject","inLanguage":"fr-FR","@id":"https:\/\/kzexpertise.fr\/#\/schema\/logo\/image\/","url":"https:\/\/kzexpertise.fr\/wp-content\/uploads\/2022\/12\/Sans-titre-1.png","contentUrl":"https:\/\/kzexpertise.fr\/wp-content\/uploads\/2022\/12\/Sans-titre-1.png","width":1000,"height":1000,"caption":"KZ Expertise"},"image":{"@id":"https:\/\/kzexpertise.fr\/#\/schema\/logo\/image\/"}}]}},"_links":{"self":[{"href":"https:\/\/kzexpertise.fr\/index.php\/wp-json\/wp\/v2\/pages\/494","targetHints":{"allow":["GET"]}}],"collection":[{"href":"https:\/\/kzexpertise.fr\/index.php\/wp-json\/wp\/v2\/pages"}],"about":[{"href":"https:\/\/kzexpertise.fr\/index.php\/wp-json\/wp\/v2\/types\/page"}],"author":[{"embeddable":true,"href":"https:\/\/kzexpertise.fr\/index.php\/wp-json\/wp\/v2\/users\/1"}],"replies":[{"embeddable":true,"href":"https:\/\/kzexpertise.fr\/index.php\/wp-json\/wp\/v2\/comments?post=494"}],"version-history":[{"count":13,"href":"https:\/\/kzexpertise.fr\/index.php\/wp-json\/wp\/v2\/pages\/494\/revisions"}],"predecessor-version":[{"id":730,"href":"https:\/\/kzexpertise.fr\/index.php\/wp-json\/wp\/v2\/pages\/494\/revisions\/730"}],"wp:attachment":[{"href":"https:\/\/kzexpertise.fr\/index.php\/wp-json\/wp\/v2\/media?parent=494"}],"curies":[{"name":"wp","href":"https:\/\/api.w.org\/{rel}","templated":true}]}}